{"id":245,"date":"2021-04-29T03:36:58","date_gmt":"2021-04-29T03:36:58","guid":{"rendered":"https:\/\/kaltmann.com\/about\/"},"modified":"2024-01-11T20:28:47","modified_gmt":"2024-01-11T20:28:47","slug":"nosotros","status":"publish","type":"page","link":"https:\/\/kaltmann.com\/en\/nosotros\/","title":{"rendered":"Conoce Kaltmann"},"content":{"rendered":"<div data-elementor-type=\"wp-page\" data-elementor-id=\"245\" class=\"elementor elementor-245\">\n\t\t\t\t\t\t<header class=\"elementor-section elementor-top-section elementor-element elementor-element-40d9374 elementor-section-stretched elementor-section-height-min-height elementor-section-boxed elementor-section-height-default elementor-section-items-middle\" data-id=\"40d9374\" data-element_type=\"section\" data-settings=\"{&quot;stretch_section&quot;:&quot;section-stretched&quot;,&quot;background_background&quot;:&quot;classic&quot;}\">\n\t\t\t\t\t\t\t<div class=\"elementor-background-overlay\"><\/div>\n\t\t\t\t\t\t\t<div class=\"elementor-container elementor-column-gap-default\">\n\t\t\t\t\t<div class=\"elementor-column elementor-col-100 elementor-top-column elementor-element elementor-element-4b0a29ce\" data-id=\"4b0a29ce\" data-element_type=\"column\">\n\t\t\t<div class=\"elementor-widget-wrap elementor-element-populated\">\n\t\t\t\t\t\t<div class=\"elementor-element elementor-element-36f13bd5 elementor-widget elementor-widget-heading\" data-id=\"36f13bd5\" data-element_type=\"widget\" data-widget_type=\"heading.default\">\n\t\t\t\t<div class=\"elementor-widget-container\">\n\t\t\t<style>\/*! elementor - v3.22.0 - 26-06-2024 *\/\n.elementor-heading-title{padding:0;margin:0;line-height:1}.elementor-widget-heading .elementor-heading-title[class*=elementor-size-]>a{color:inherit;font-size:inherit;line-height:inherit}.elementor-widget-heading .elementor-heading-title.elementor-size-small{font-size:15px}.elementor-widget-heading .elementor-heading-title.elementor-size-medium{font-size:19px}.elementor-widget-heading .elementor-heading-title.elementor-size-large{font-size:29px}.elementor-widget-heading .elementor-heading-title.elementor-size-xl{font-size:39px}.elementor-widget-heading .elementor-heading-title.elementor-size-xxl{font-size:59px}<\/style><h1 class=\"elementor-heading-title elementor-size-default\">About kaltmann<\/h1>\t\t<\/div>\n\t\t\t\t<\/div>\n\t\t\t\t<div class=\"elementor-element elementor-element-60ac3287 elementor-widget elementor-widget-text-editor\" data-id=\"60ac3287\" data-element_type=\"widget\" data-widget_type=\"text-editor.default\">\n\t\t\t\t<div class=\"elementor-widget-container\">\n\t\t\t<style>\/*! elementor - v3.22.0 - 26-06-2024 *\/\n.elementor-widget-text-editor.elementor-drop-cap-view-stacked .elementor-drop-cap{background-color:#69727d;color:#fff}.elementor-widget-text-editor.elementor-drop-cap-view-framed .elementor-drop-cap{color:#69727d;border:3px solid;background-color:transparent}.elementor-widget-text-editor:not(.elementor-drop-cap-view-default) .elementor-drop-cap{margin-top:8px}.elementor-widget-text-editor:not(.elementor-drop-cap-view-default) .elementor-drop-cap-letter{width:1em;height:1em}.elementor-widget-text-editor .elementor-drop-cap{float:left;text-align:center;line-height:1;font-size:50px}.elementor-widget-text-editor .elementor-drop-cap-letter{display:inline-block}<\/style>\t\t\t\t<p>Kaltmann is dedicated to providing services that make possible the continuity of the cold chain of goods, a young company formed by entrepreneurs and professionals with a lot of experience in logistics.<\/p>\t\t\t\t\t\t<\/div>\n\t\t\t\t<\/div>\n\t\t\t\t\t<\/div>\n\t\t<\/div>\n\t\t\t\t\t<\/div>\n\t\t<\/header>\n\t\t\t\t<section class=\"elementor-section elementor-top-section elementor-element elementor-element-52a72ac elementor-section-boxed elementor-section-height-default elementor-section-height-default\" data-id=\"52a72ac\" data-element_type=\"section\">\n\t\t\t\t\t\t<div class=\"elementor-container elementor-column-gap-no\">\n\t\t\t\t\t<div class=\"elementor-column elementor-col-66 elementor-top-column elementor-element elementor-element-c38404f\" data-id=\"c38404f\" data-element_type=\"column\">\n\t\t\t<div class=\"elementor-widget-wrap elementor-element-populated\">\n\t\t\t\t\t\t<div class=\"elementor-element elementor-element-79d0a00 elementor-widget elementor-widget-heading\" data-id=\"79d0a00\" data-element_type=\"widget\" data-widget_type=\"heading.default\">\n\t\t\t\t<div class=\"elementor-widget-container\">\n\t\t\t<h3 class=\"elementor-heading-title elementor-size-default\">Our Mission<\/h3>\t\t<\/div>\n\t\t\t\t<\/div>\n\t\t\t\t<div class=\"elementor-element elementor-element-f4ea28b elementor-widget elementor-widget-text-editor\" data-id=\"f4ea28b\" data-element_type=\"widget\" data-widget_type=\"text-editor.default\">\n\t\t\t\t<div class=\"elementor-widget-container\">\n\t\t\t\t\t\t\t<div class=\"wp-block-uagb-advanced-heading uagb-block-c7afeb16\"><p class=\"uagb-desc-text\">Nuestra misi\u00f3n es Garantizar la continuidad de la cadena de fr\u00edo para mercanc\u00edas que deban permanecer bajo temperatura controlada.<\/p><\/div><div class=\"wp-block-uagb-image uagb-block-27a093a0 wp-block-uagb-image--layout-default wp-block-uagb-image--effect-static wp-block-uagb-image--align-center\">\u00a0<\/div>\t\t\t\t\t\t<\/div>\n\t\t\t\t<\/div>\n\t\t\t\t\t<\/div>\n\t\t<\/div>\n\t\t\t\t<div class=\"elementor-column elementor-col-33 elementor-top-column elementor-element elementor-element-557f318\" data-id=\"557f318\" data-element_type=\"column\">\n\t\t\t<div class=\"elementor-widget-wrap elementor-element-populated\">\n\t\t\t\t\t\t<div class=\"elementor-element elementor-element-2431e64 elementor-widget elementor-widget-heading\" data-id=\"2431e64\" data-element_type=\"widget\" data-widget_type=\"heading.default\">\n\t\t\t\t<div class=\"elementor-widget-container\">\n\t\t\t<h3 class=\"elementor-heading-title elementor-size-default\">Values<\/h3>\t\t<\/div>\n\t\t\t\t<\/div>\n\t\t\t\t<div class=\"elementor-element elementor-element-05f2e62 elementor-icon-list--layout-traditional elementor-list-item-link-full_width elementor-widget elementor-widget-icon-list\" data-id=\"05f2e62\" data-element_type=\"widget\" data-widget_type=\"icon-list.default\">\n\t\t\t\t<div class=\"elementor-widget-container\">\n\t\t\t<link rel=\"stylesheet\" href=\"https:\/\/kaltmann.com\/wp-content\/plugins\/elementor\/assets\/css\/widget-icon-list.min.css\">\t\t<ul class=\"elementor-icon-list-items\">\n\t\t\t\t\t\t\t<li class=\"elementor-icon-list-item\">\n\t\t\t\t\t\t\t\t\t\t\t<span class=\"elementor-icon-list-icon\">\n\t\t\t\t\t\t\t<i aria-hidden=\"true\" class=\"fas fa-check-circle\"><\/i>\t\t\t\t\t\t<\/span>\n\t\t\t\t\t\t\t\t\t\t<span class=\"elementor-icon-list-text\">We consider honesty as the key to a company's reliability and integrity.<\/span>\n\t\t\t\t\t\t\t\t\t<\/li>\n\t\t\t\t\t\t\t\t<li class=\"elementor-icon-list-item\">\n\t\t\t\t\t\t\t\t\t\t\t<span class=\"elementor-icon-list-icon\">\n\t\t\t\t\t\t\t<i aria-hidden=\"true\" class=\"fas fa-check-circle\"><\/i>\t\t\t\t\t\t<\/span>\n\t\t\t\t\t\t\t\t\t\t<span class=\"elementor-icon-list-text\">Always do the right thing to solve the customer's problem.<\/span>\n\t\t\t\t\t\t\t\t\t<\/li>\n\t\t\t\t\t\t\t\t<li class=\"elementor-icon-list-item\">\n\t\t\t\t\t\t\t\t\t\t\t<span class=\"elementor-icon-list-icon\">\n\t\t\t\t\t\t\t<i aria-hidden=\"true\" class=\"fas fa-check-circle\"><\/i>\t\t\t\t\t\t<\/span>\n\t\t\t\t\t\t\t\t\t\t<span class=\"elementor-icon-list-text\">Perform all work with the highest level of excellence in mind.<\/span>\n\t\t\t\t\t\t\t\t\t<\/li>\n\t\t\t\t\t\t<\/ul>\n\t\t\t\t<\/div>\n\t\t\t\t<\/div>\n\t\t\t\t\t<\/div>\n\t\t<\/div>\n\t\t\t\t\t<\/div>\n\t\t<\/section>\n\t\t\t\t<section class=\"elementor-section elementor-top-section elementor-element elementor-element-b37b3f7 elementor-section-boxed elementor-section-height-default elementor-section-height-default\" data-id=\"b37b3f7\" data-element_type=\"section\">\n\t\t\t\t\t\t<div class=\"elementor-container elementor-column-gap-default\">\n\t\t\t\t\t<div class=\"elementor-column elementor-col-100 elementor-top-column elementor-element elementor-element-9cec9d3\" data-id=\"9cec9d3\" data-element_type=\"column\">\n\t\t\t<div class=\"elementor-widget-wrap elementor-element-populated\">\n\t\t\t\t\t\t<div class=\"elementor-element elementor-element-53b942f elementor-widget elementor-widget-shortcode\" data-id=\"53b942f\" data-element_type=\"widget\" data-widget_type=\"shortcode.default\">\n\t\t\t\t<div class=\"elementor-widget-container\">\n\t\t\t\t\t<div class=\"elementor-shortcode\">\n            <div \n                class=\"elfsight-widget-whatsapp-chat elfsight-widget\" \n                data-elfsight-whatsapp-chat-options=\"%7B%22facebookSubgoup%22%3Anull%2C%22whatsappSubgoup%22%3Anull%2C%22telegramSubgoup%22%3Anull%2C%22viberSubgoup%22%3Anull%2C%22rumbletalkSubgoup%22%3Anull%2C%22divider-1%22%3Anull%2C%22userAccessToken%22%3Anull%2C%22page%22%3Anull%2C%22phone%22%3A%2250379853567%20%22%2C%22link%22%3Anull%2C%22userAccessTokenBubbleSubgroup%22%3Anull%2C%22bubbleIcon%22%3A%22whatsapp-chat%22%2C%22bubbleText%22%3Anull%2C%22picture%22%3A%22custom%22%2C%22pictureLibrary%22%3A%7B%22photo%22%3A%22https%3A%5C%2F%5C%2Fpbs.twimg.com%5C%2Fprofile_images%5C%2F951055655594545153%5C%2FF6eybr-i.jpg%22%7D%2C%22pictureCustom%22%3A%22https%3A%5C%2F%5C%2Fkaltmann.com%5C%2Fwp-content%5C%2Fuploads%5C%2F2022%5C%2F10%5C%2FKaltmann-Profile-Pircture-2.png%22%2C%22name%22%3A%22Kaltman%22%2C%22nameCaptionType%22%3A%22custom%22%2C%22nameCaptionReplyTime%22%3A%22Typically%20replies%20within%20a%20day%22%2C%22nameCaptionCustom%22%3A%22En%20l%5Cu00ednea%22%2C%22welcomeMessage%22%3A%22Hola%20%5Cud83d%5Cudc4b%3Cbr%3E%3Cbr%3E%5Cu00a1Estamos%20aqu%5Cu00ed%20para%20ayudarte%21%22%2C%22buttonText%22%3A%22Iniciar%20chat%22%2C%22buttonIconVisible%22%3Atrue%2C%22position%22%3A%22floating%22%2C%22align%22%3A%22right%22%2C%22whereToDisplayChat%22%3A%22allPages%22%2C%22excludedPages%22%3A%5B%5D%2C%22specificPages%22%3A%5B%5D%2C%22devicesToDisplay%22%3A%5B%22mobile%22%2C%22desktop%22%5D%2C%22showChatTo%22%3A%22allVisitors%22%2C%22displayDays%22%3A%5B0%2C1%2C2%2C3%2C4%2C5%2C6%5D%2C%22timeSchedule%22%3Afalse%2C%22displayStartTime%22%3A%2200%3A00%22%2C%22displayEndTime%22%3A%2200%3A00%22%2C%22timeZone%22%3A0%2C%22timeOnPage%22%3A0%2C%22timeOnSite%22%3A0%2C%22scrollPosition%22%3A0%2C%22exiIntent%22%3Afalse%2C%22notifications%22%3A%5B%22bubbleBadge%22%2C%22tabTitle%22%5D%2C%22headerBackgroundColor%22%3A%22rgb%289%2C%2094%2C%2084%29%22%2C%22buttonColor%22%3A%22rgb%2879%2C%20206%2C%2093%29%22%2C%22bubbleBackgroundColor%22%3A%22rgb%28255%2C%20255%2C%20255%29%22%2C%22bubbleIconColor%22%3A%22rgb%2879%2C%20206%2C%2093%29%22%2C%22windowBackgroundColor%22%3A%22rgb%28230%2C%20221%2C%20212%29%22%2C%22windowBackgroundPattern%22%3A%22https%3A%5C%2F%5C%2Felfsight.com%5C%2Fassets%5C%2Fchats%5C%2Fpatterns%5C%2Fwhatsapp.png%22%2C%22buttonBorderRadius%22%3A20%2C%22widgetId%22%3A%221%22%7D\" \n                data-elfsight-whatsapp-chat-version=\"1.2.0\"\n                data-elfsight-widget-id=\"elfsight-whatsapp-chat-1\">\n            <\/div>\n            <\/div>\n\t\t\t\t<\/div>\n\t\t\t\t<\/div>\n\t\t\t\t\t<\/div>\n\t\t<\/div>\n\t\t\t\t\t<\/div>\n\t\t<\/section>\n\t\t\t\t<\/div>","protected":false},"excerpt":{"rendered":"<p>Sobre kaltmann Kaltmann es una empresa dedicada a brindar servicios que hacen posible la continuidad de la cadena de fr\u00edo de mercanc\u00edas, una empresa joven conformada por emprendedores y profesionales con mucha experiencia en log\u00edstica. Nuestra misi\u00f3n Nuestra misi\u00f3n es Garantizar la continuidad de la cadena de fr\u00edo para mercanc\u00edas que deban permanecer bajo temperatura [&hellip;]<\/p>","protected":false},"author":2,"featured_media":0,"parent":0,"menu_order":0,"comment_status":"closed","ping_status":"closed","template":"","meta":{"content-type":"","site-sidebar-layout":"no-sidebar","site-content-layout":"page-builder","ast-site-content-layout":"","site-content-style":"default","site-sidebar-style":"default","ast-global-header-display":"","ast-banner-title-visibility":"","ast-main-header-display":"","ast-hfb-above-header-display":"","ast-hfb-below-header-display":"","ast-hfb-mobile-header-display":"","site-post-title":"disabled","ast-breadcrumbs-content":"","ast-featured-img":"disabled","footer-sml-layout":"","theme-transparent-header-meta":"disabled","adv-header-id-meta":"","stick-header-meta":"","header-above-stick-meta":"","header-main-stick-meta":"","header-below-stick-meta":"","astra-migrate-meta-layouts":"default","ast-page-background-enabled":"default","ast-page-background-meta":{"desktop":{"background-color":"","background-image":"","background-repeat":"repeat","background-position":"center center","background-size":"auto","background-attachment":"scroll","background-type":"","background-media":"","overlay-type":"","overlay-color":"","overlay-gradient":""},"tablet":{"background-color":"","background-image":"","background-repeat":"repeat","background-position":"center center","background-size":"auto","background-attachment":"scroll","background-type":"","background-media":"","overlay-type":"","overlay-color":"","overlay-gradient":""},"mobile":{"background-color":"","background-image":"","background-repeat":"repeat","background-position":"center center","background-size":"auto","background-attachment":"scroll","background-type":"","background-media":"","overlay-type":"","overlay-color":"","overlay-gradient":""}},"ast-content-background-meta":{"desktop":{"background-color":"var(--ast-global-color-5)","background-image":"","background-repeat":"repeat","background-position":"center center","background-size":"auto","background-attachment":"scroll","background-type":"","background-media":"","overlay-type":"","overlay-color":"","overlay-gradient":""},"tablet":{"background-color":"var(--ast-global-color-5)","background-image":"","background-repeat":"repeat","background-position":"center center","background-size":"auto","background-attachment":"scroll","background-type":"","background-media":"","overlay-type":"","overlay-color":"","overlay-gradient":""},"mobile":{"background-color":"var(--ast-global-color-5)","background-image":"","background-repeat":"repeat","background-position":"center center","background-size":"auto","background-attachment":"scroll","background-type":"","background-media":"","overlay-type":"","overlay-color":"","overlay-gradient":""}},"footnotes":""},"class_list":["post-245","page","type-page","status-publish","hentry"],"_links":{"self":[{"href":"https:\/\/kaltmann.com\/en\/wp-json\/wp\/v2\/pages\/245","targetHints":{"allow":["GET"]}}],"collection":[{"href":"https:\/\/kaltmann.com\/en\/wp-json\/wp\/v2\/pages"}],"about":[{"href":"https:\/\/kaltmann.com\/en\/wp-json\/wp\/v2\/types\/page"}],"author":[{"embeddable":true,"href":"https:\/\/kaltmann.com\/en\/wp-json\/wp\/v2\/users\/2"}],"replies":[{"embeddable":true,"href":"https:\/\/kaltmann.com\/en\/wp-json\/wp\/v2\/comments?post=245"}],"version-history":[{"count":7,"href":"https:\/\/kaltmann.com\/en\/wp-json\/wp\/v2\/pages\/245\/revisions"}],"predecessor-version":[{"id":2436,"href":"https:\/\/kaltmann.com\/en\/wp-json\/wp\/v2\/pages\/245\/revisions\/2436"}],"wp:attachment":[{"href":"https:\/\/kaltmann.com\/en\/wp-json\/wp\/v2\/media?parent=245"}],"curies":[{"name":"wp","href":"https:\/\/api.w.org\/{rel}","templated":true}]}}